{"id":402,"date":"2024-09-23T18:17:31","date_gmt":"2024-09-23T21:17:31","guid":{"rendered":"https:\/\/daraujo.eng.br\/home\/?page_id=402"},"modified":"2024-10-07T16:58:43","modified_gmt":"2024-10-07T19:58:43","slug":"artigos","status":"publish","type":"page","link":"https:\/\/daraujo.eng.br\/home\/artigos\/","title":{"rendered":"Artigos"},"content":{"rendered":"\t\t<div data-elementor-type=\"wp-page\" data-elementor-id=\"402\" class=\"elementor elementor-402\" data-elementor-post-type=\"page\">\n\t\t\t\t\t\t<section data-particle_enable=\"false\" data-particle-mobile-disabled=\"false\" class=\"elementor-section elementor-top-section elementor-element elementor-element-22fe27ad elementor-section-boxed elementor-section-height-default elementor-section-height-default wpr-particle-no wpr-jarallax-no wpr-parallax-no wpr-sticky-section-no\" data-id=\"22fe27ad\" data-element_type=\"section\" data-settings=\"{&quot;background_background&quot;:&quot;classic&quot;}\">\n\t\t\t\t\t\t\t<div class=\"elementor-background-overlay\"><\/div>\n\t\t\t\t\t\t\t<div class=\"elementor-container elementor-column-gap-no\">\n\t\t\t\t\t<div class=\"elementor-column elementor-col-100 elementor-top-column elementor-element elementor-element-7d542e92\" data-id=\"7d542e92\" data-element_type=\"column\">\n\t\t\t<div class=\"elementor-widget-wrap elementor-element-populated\">\n\t\t\t\t\t\t<div class=\"elementor-element elementor-element-590abdc elementor-invisible elementor-widget elementor-widget-theme-archive-title elementor-page-title elementor-widget-heading\" data-id=\"590abdc\" data-element_type=\"widget\" data-settings=\"{&quot;_animation&quot;:&quot;zoomIn&quot;}\" data-widget_type=\"theme-archive-title.default\">\n\t\t\t\t<div class=\"elementor-widget-container\">\n\t\t\t\t\t<h1 class=\"elementor-heading-title elementor-size-default\">Blog<\/h1>\t\t\t\t<\/div>\n\t\t\t\t<\/div>\n\t\t\t\t\t<\/div>\n\t\t<\/div>\n\t\t\t\t\t<\/div>\n\t\t<\/section>\n\t\t\t\t<section data-particle_enable=\"false\" data-particle-mobile-disabled=\"false\" class=\"elementor-section elementor-top-section elementor-element elementor-element-22d732c3 elementor-section-full_width elementor-section-height-default elementor-section-height-default wpr-particle-no wpr-jarallax-no wpr-parallax-no wpr-sticky-section-no\" data-id=\"22d732c3\" data-element_type=\"section\">\n\t\t\t\t\t\t<div class=\"elementor-container elementor-column-gap-no\">\n\t\t\t\t\t<div class=\"elementor-column elementor-col-100 elementor-top-column elementor-element elementor-element-1ee7944e\" data-id=\"1ee7944e\" data-element_type=\"column\">\n\t\t\t<div class=\"elementor-widget-wrap elementor-element-populated\">\n\t\t\t\t\t\t<div class=\"elementor-element elementor-element-ecc13a3 elementor-widget elementor-widget-eael-post-list\" data-id=\"ecc13a3\" data-element_type=\"widget\" data-widget_type=\"eael-post-list.default\">\n\t\t\t\t<div class=\"elementor-widget-container\">\n\t\t\t\t\t<div class=\"eael-post-list-container advanced layout-advanced\"><div class=\"eael-post-list-wrap\"><div class=\"eael-post-list-posts-wrap eael-post-appender eael-post-appender-ecc13a3\"><div class=\"eael-post-list-post \"><div class=\"eael-post-list-post-inner\"><div class=\"eael-post-list-thumbnail \"><a href=\"https:\/\/daraujo.eng.br\/home\/venha-nos-visitar-na-expocatolica-2019\/\">\n                <img decoding=\"async\" src=\"https:\/\/daraujo.eng.br\/home\/wp-content\/uploads\/2024\/10\/Venha-nos-visitar-na-ExpoCatolica-2019-768x512.jpg\" alt=\"\">\n            <\/a><\/div><div class=\"eael-post-list-content\"><h2 class=\"eael-post-list-title\"><a href=\"https:\/\/daraujo.eng.br\/home\/venha-nos-visitar-na-expocatolica-2019\/\" >Venha nos visitar na ExpoCat\u00f3lica 2019<\/a><\/h2><div class=\"meta\">\n                    <span><i class=\"far fa-calendar-alt\"><\/i> 7 de outubro de 2024<\/span>\n                <\/div><p>Artigo Venha nos visitar na ExpoCat\u00f3lica 2019<\/p><a href=\"https:\/\/daraujo.eng.br\/home\/venha-nos-visitar-na-expocatolica-2019\/\" class=\"eael-post-elements-readmore-btn\" >Saiba mais<\/a><div class=\"boxed-meta\"><\/div><\/div><\/div><\/div><div class=\"eael-post-list-post \"><div class=\"eael-post-list-post-inner\"><div class=\"eael-post-list-thumbnail \"><a href=\"https:\/\/daraujo.eng.br\/home\/empresa-que-cuida-da-sustentabilidade-predial\/\">\n                <img decoding=\"async\" src=\"https:\/\/daraujo.eng.br\/home\/wp-content\/uploads\/2024\/10\/Empresa-que-cuida-da-Sustentabilidade-Predial-768x511.jpg\" alt=\"\">\n            <\/a><\/div><div class=\"eael-post-list-content\"><h2 class=\"eael-post-list-title\"><a href=\"https:\/\/daraujo.eng.br\/home\/empresa-que-cuida-da-sustentabilidade-predial\/\" >Empresa que cuida da Sustentabilidade Predial<\/a><\/h2><div class=\"meta\">\n                    <span><i class=\"far fa-calendar-alt\"><\/i> 7 de outubro de 2024<\/span>\n                <\/div><p>Artigo Empresa que cuida da Sustentabilidade Predial O desenvolvimento sustent\u00e1vel n\u00e3o \u00e9 algo novo, surgiu...<\/p><a href=\"https:\/\/daraujo.eng.br\/home\/empresa-que-cuida-da-sustentabilidade-predial\/\" class=\"eael-post-elements-readmore-btn\" >Saiba mais<\/a><div class=\"boxed-meta\"><\/div><\/div><\/div><\/div><div class=\"eael-post-list-post \"><div class=\"eael-post-list-post-inner\"><div class=\"eael-post-list-thumbnail \"><a href=\"https:\/\/daraujo.eng.br\/home\/quais-os-principais-cuidados-que-devemos-ter-com-nosso-patrimonio\/\">\n                <img decoding=\"async\" src=\"https:\/\/daraujo.eng.br\/home\/wp-content\/uploads\/2024\/10\/Quais-os-principais-cuidados-que-devemos-ter-com-nosso-patrimonio-768x512.jpg\" alt=\"\">\n            <\/a><\/div><div class=\"eael-post-list-content\"><h2 class=\"eael-post-list-title\"><a href=\"https:\/\/daraujo.eng.br\/home\/quais-os-principais-cuidados-que-devemos-ter-com-nosso-patrimonio\/\" >Quais os principais cuidados que devemos ter com nosso patrim\u00f4nio?<\/a><\/h2><div class=\"meta\">\n                    <span><i class=\"far fa-calendar-alt\"><\/i> 7 de outubro de 2024<\/span>\n                <\/div><p>Artigo Quais os principais cuidados que devemos ter com nosso patrim\u00f4nio? Conforme a Norma Brasileira...<\/p><a href=\"https:\/\/daraujo.eng.br\/home\/quais-os-principais-cuidados-que-devemos-ter-com-nosso-patrimonio\/\" class=\"eael-post-elements-readmore-btn\" >Saiba mais<\/a><div class=\"boxed-meta\"><\/div><\/div><\/div><\/div><div class=\"eael-post-list-post \"><div class=\"eael-post-list-post-inner\"><div class=\"eael-post-list-thumbnail \"><a href=\"https:\/\/daraujo.eng.br\/home\/como-proteger-o-seu-patrimonio\/\">\n                <img decoding=\"async\" src=\"https:\/\/daraujo.eng.br\/home\/wp-content\/uploads\/2024\/09\/Como-proteger-o-seu-patrimonio-768x512.jpg\" alt=\"\">\n            <\/a><\/div><div class=\"eael-post-list-content\"><h2 class=\"eael-post-list-title\"><a href=\"https:\/\/daraujo.eng.br\/home\/como-proteger-o-seu-patrimonio\/\" >Como proteger o seu patrim\u00f4nio<\/a><\/h2><div class=\"meta\">\n                    <span><i class=\"far fa-calendar-alt\"><\/i> 23 de setembro de 2024<\/span>\n                <\/div><p>Artigo Como proteger o seu patrim\u00f4nio A qualidade do ambiente educacional \u00e9 preocupa\u00e7\u00e3o constante das...<\/p><a href=\"https:\/\/daraujo.eng.br\/home\/como-proteger-o-seu-patrimonio\/\" class=\"eael-post-elements-readmore-btn\" >Saiba mais<\/a><div class=\"boxed-meta\"><\/div><\/div><\/div><\/div><\/div><\/div>\n\t\t<\/div><div data-nonce=\"2653c88263\" class=\"post-list-pagination\" data-widget-id=\"ecc13a3\" data-widget=\"ecc13a3\" data-page-id=\"402\" data-class=\"Essential_Addons_Elementor\\Pro\\Elements\\Post_List\" data-args=\"orderby=date&amp;order=desc&amp;ignore_sticky_posts=1&amp;post_status=publish&amp;posts_per_page=4&amp;offset=0&amp;post_type=post\" data-settings=\"eael_post_list_post_feature_image=yes&amp;eael_post_list_post_meta=yes&amp;eael_post_list_post_title=yes&amp;eael_post_list_post_excerpt=yes&amp;eael_post_list_post_excerpt_length=15&amp;eael_post_list_pagination=yes&amp;eael_post_list_layout_type=advanced&amp;eael_post_list_post_cat=&amp;eael_post_list_author_meta=&amp;eael_post_list_title_tag=h2&amp;eael_show_read_more_button=yes&amp;eael_post_list_read_more_text=Saiba+mais&amp;eael_post_list_excerpt_expanison_indicator=...&amp;eael_post_featured_image_size=medium_large\" data-page=\"1\" data-scroll-on-pagination=\"0\" data-scroll-offset=\"100\" data-template=\"{&quot;dir&quot;:&quot;pro&quot;,&quot;file_name&quot;:&quot;advanced.php&quot;,&quot;name&quot;:&quot;Post-List&quot;}\">\n                <button class=\"btn btn-prev-post\" id=\"post-nav-prev-ecc13a3\" disabled=\"true\" aria-label=\"previous\"><svg aria-hidden=\"true\" class=\"e-font-icon-svg e-fas-angle-left\" viewBox=\"0 0 256 512\" xmlns=\"http:\/\/www.w3.org\/2000\/svg\"><path d=\"M31.7 239l136-136c9.4-9.4 24.6-9.4 33.9 0l22.6 22.6c9.4 9.4 9.4 24.6 0 33.9L127.9 256l96.4 96.4c9.4 9.4 9.4 24.6 0 33.9L201.7 409c-9.4 9.4-24.6 9.4-33.9 0l-136-136c-9.5-9.4-9.5-24.6-.1-34z\"><\/path><\/svg><\/button><button class=\"btn btn-next-post\" id=\"post-nav-next-ecc13a3\" aria-label=\"next\"><svg aria-hidden=\"true\" class=\"e-font-icon-svg e-fas-angle-right\" viewBox=\"0 0 256 512\" xmlns=\"http:\/\/www.w3.org\/2000\/svg\"><path d=\"M224.3 273l-136 136c-9.4 9.4-24.6 9.4-33.9 0l-22.6-22.6c-9.4-9.4-9.4-24.6 0-33.9l96.4-96.4-96.4-96.4c-9.4-9.4-9.4-24.6 0-33.9L54.3 103c9.4-9.4 24.6-9.4 33.9 0l136 136c9.5 9.4 9.5 24.6.1 34z\"><\/path><\/svg><\/button>\n\t\t\t<\/div>\t\t\t\t<\/div>\n\t\t\t\t<\/div>\n\t\t\t\t\t<\/div>\n\t\t<\/div>\n\t\t\t\t\t<\/div>\n\t\t<\/section>\n\t\t\t\t<\/div>\n\t\t","protected":false},"excerpt":{"rendered":"<p>Venha nos visitar na ExpoCat\u00f3lica 2019 7 de outubro de 2024 Artigo Venha nos visitar na ExpoCat\u00f3lica 2019 Saiba mais Empresa que cuida da Sustentabilidade Predial 7 de outubro de 2024 Artigo Empresa que cuida da Sustentabilidade Predial O desenvolvimento sustent\u00e1vel n\u00e3o \u00e9 algo novo, surgiu&#8230; Saiba mais Quais os principais cuidados que devemos ter com nosso patrim\u00f4nio? 7 de outubro de 2024 Artigo Quais os principais cuidados que devemos ter com nosso patrim\u00f4nio? Conforme a Norma Brasileira&#8230; Saiba mais Como proteger o seu patrim\u00f4nio 23 de setembro de 2024 Artigo Como proteger o seu patrim\u00f4nio A qualidade do ambiente educacional \u00e9 preocupa\u00e7\u00e3o constante das&#8230; Saiba mais<\/p>\n","protected":false},"author":1,"featured_media":0,"parent":0,"menu_order":0,"comment_status":"closed","ping_status":"closed","template":"elementor_header_footer","meta":{"_joinchat":[],"footnotes":""},"class_list":["post-402","page","type-page","status-publish","hentry"],"_links":{"self":[{"href":"https:\/\/daraujo.eng.br\/home\/wp-json\/wp\/v2\/pages\/402","targetHints":{"allow":["GET"]}}],"collection":[{"href":"https:\/\/daraujo.eng.br\/home\/wp-json\/wp\/v2\/pages"}],"about":[{"href":"https:\/\/daraujo.eng.br\/home\/wp-json\/wp\/v2\/types\/page"}],"author":[{"embeddable":true,"href":"https:\/\/daraujo.eng.br\/home\/wp-json\/wp\/v2\/users\/1"}],"replies":[{"embeddable":true,"href":"https:\/\/daraujo.eng.br\/home\/wp-json\/wp\/v2\/comments?post=402"}],"version-history":[{"count":0,"href":"https:\/\/daraujo.eng.br\/home\/wp-json\/wp\/v2\/pages\/402\/revisions"}],"wp:attachment":[{"href":"https:\/\/daraujo.eng.br\/home\/wp-json\/wp\/v2\/media?parent=402"}],"curies":[{"name":"wp","href":"https:\/\/api.w.org\/{rel}","templated":true}]}}